{"id":3436,"date":"2015-08-14T12:29:49","date_gmt":"2015-08-14T10:29:49","guid":{"rendered":"https:\/\/www.firenzeshuttle.it\/en\/?page_id=3436"},"modified":"2022-03-16T12:06:43","modified_gmt":"2022-03-16T11:06:43","slug":"events","status":"publish","type":"page","link":"https:\/\/www.firenzeshuttle.it\/en\/events\/","title":{"rendered":"Events"},"content":{"rendered":"\n<style type=\"text\/css\" data-created_by=\"avia_inline_auto\" id=\"style-css-av-hs2rlp-f5f7c61f47c24f42cb2cc7f858e1d903\">\n#top .av-special-heading.av-hs2rlp-f5f7c61f47c24f42cb2cc7f858e1d903{\npadding-bottom:10px;\n}\nbody .av-special-heading.av-hs2rlp-f5f7c61f47c24f42cb2cc7f858e1d903 .av-special-heading-tag .heading-char{\nfont-size:25px;\n}\n.av-special-heading.av-hs2rlp-f5f7c61f47c24f42cb2cc7f858e1d903 .av-subheading{\nfont-size:15px;\n}\n<\/style>\n<div  class='av-special-heading av-hs2rlp-f5f7c61f47c24f42cb2cc7f858e1d903 av-special-heading-h2  avia-builder-el-0  el_before_av_one_half  avia-builder-el-first '><h2 class='av-special-heading-tag '  itemprop=\"headline\"  >Servizi noleggio auto e navette per eventi Firenze (Toscana)<\/h2><div class=\"special-heading-border\"><div class=\"special-heading-inner-border\"><\/div><\/div><\/div>\n<div  class='flex_column av-1j3b65-c7728897ec64906171f1970ef06afcb6 av_one_half  avia-builder-el-1  el_after_av_heading  el_before_av_one_half  first flex_column_div  '     ><div  class='avia-slideshow av-eji3ct-d217a3537d42ca8a6f315bee6a601ff6 avia-slideshow-no scaling av_slideshow avia-slide-slider  avia-builder-el-2  avia-builder-el-no-sibling  av-slideshow-ui av-control-default av-slideshow-autoplay av-loop-endless av-loop-manual-endless av-default-height-applied avia-slideshow-1' data-slideshow-options=\"{&quot;animation&quot;:&quot;slide&quot;,&quot;autoplay&quot;:true,&quot;loop_autoplay&quot;:&quot;endless&quot;,&quot;interval&quot;:5,&quot;loop_manual&quot;:&quot;manual-endless&quot;,&quot;autoplay_stopper&quot;:false,&quot;noNavigation&quot;:false,&quot;bg_slider&quot;:false,&quot;keep_padding&quot;:false,&quot;hoverpause&quot;:false,&quot;show_slide_delay&quot;:0}\"  itemprop=\"image\" itemscope=\"itemscope\" itemtype=\"https:\/\/schema.org\/ImageObject\" ><ul class='avia-slideshow-inner ' style='padding-bottom: 50%;'><li  class='avia-slideshow-slide av-eji3ct-d217a3537d42ca8a6f315bee6a601ff6__0  slide-1 slide-odd'><div data-rel='slideshow-1' class='avia-slide-wrap '   ><img decoding=\"async\" fetchpriority=\"high\" class=\"wp-image-3586 avia-img-lazy-loading-not-3586\"  src=\"https:\/\/www.firenzeshuttle.it\/wp-content\/uploads\/eventi_01.jpg\" width=\"480\" height=\"240\" title='Autonoleggio per meeting e congressi' alt=''  itemprop=\"thumbnailUrl\" srcset=\"https:\/\/www.firenzeshuttle.it\/wp-content\/uploads\/eventi_01.jpg 480w, https:\/\/www.firenzeshuttle.it\/wp-content\/uploads\/eventi_01-300x150.jpg 300w, https:\/\/www.firenzeshuttle.it\/wp-content\/uploads\/eventi_01-450x225.jpg 450w\" sizes=\"(max-width: 480px) 100vw, 480px\" \/><\/div><\/li><li  class='avia-slideshow-slide av-eji3ct-d217a3537d42ca8a6f315bee6a601ff6__1  slide-2 slide-even'><div data-rel='slideshow-1' class='avia-slide-wrap '   ><img decoding=\"async\" fetchpriority=\"high\" class=\"wp-image-3587 avia-img-lazy-loading-not-3587\"  src=\"https:\/\/www.firenzeshuttle.it\/wp-content\/uploads\/eventi_02.png\" width=\"480\" height=\"240\" title='Autonoleggio per meeting e congressi' alt=''  itemprop=\"thumbnailUrl\" srcset=\"https:\/\/www.firenzeshuttle.it\/wp-content\/uploads\/eventi_02.png 480w, https:\/\/www.firenzeshuttle.it\/wp-content\/uploads\/eventi_02-300x150.png 300w, https:\/\/www.firenzeshuttle.it\/wp-content\/uploads\/eventi_02-450x225.png 450w\" sizes=\"(max-width: 480px) 100vw, 480px\" \/><\/div><\/li><li  class='avia-slideshow-slide av-eji3ct-d217a3537d42ca8a6f315bee6a601ff6__2  slide-3 slide-odd'><div data-rel='slideshow-1' class='avia-slide-wrap '   ><img decoding=\"async\" fetchpriority=\"high\" class=\"wp-image-3588 avia-img-lazy-loading-not-3588\"  src=\"https:\/\/www.firenzeshuttle.it\/wp-content\/uploads\/eventi_03.jpg\" width=\"480\" height=\"240\" title='Autonoleggio per meeting e congressi' alt=''  itemprop=\"thumbnailUrl\" srcset=\"https:\/\/www.firenzeshuttle.it\/wp-content\/uploads\/eventi_03.jpg 480w, https:\/\/www.firenzeshuttle.it\/wp-content\/uploads\/eventi_03-300x150.jpg 300w, https:\/\/www.firenzeshuttle.it\/wp-content\/uploads\/eventi_03-450x225.jpg 450w\" sizes=\"(max-width: 480px) 100vw, 480px\" \/><\/div><\/li><li  class='avia-slideshow-slide av-eji3ct-d217a3537d42ca8a6f315bee6a601ff6__3  slide-4 slide-even'><div data-rel='slideshow-1' class='avia-slide-wrap '   ><img decoding=\"async\" fetchpriority=\"high\" class=\"wp-image-3798 avia-img-lazy-loading-not-3798\"  src=\"https:\/\/www.firenzeshuttle.it\/wp-content\/uploads\/Firenze2.webp\" width=\"1600\" height=\"1064\" title='Firenze2' alt=''  itemprop=\"thumbnailUrl\" srcset=\"https:\/\/www.firenzeshuttle.it\/wp-content\/uploads\/Firenze2.webp 1600w, https:\/\/www.firenzeshuttle.it\/wp-content\/uploads\/Firenze2-300x200.webp 300w, https:\/\/www.firenzeshuttle.it\/wp-content\/uploads\/Firenze2-1030x685.webp 1030w, https:\/\/www.firenzeshuttle.it\/wp-content\/uploads\/Firenze2-768x511.webp 768w, https:\/\/www.firenzeshuttle.it\/wp-content\/uploads\/Firenze2-1536x1021.webp 1536w, https:\/\/www.firenzeshuttle.it\/wp-content\/uploads\/Firenze2-1500x998.webp 1500w, https:\/\/www.firenzeshuttle.it\/wp-content\/uploads\/Firenze2-705x469.webp 705w\" sizes=\"(max-width: 1600px) 100vw, 1600px\" \/><\/div><\/li><li  class='avia-slideshow-slide av-eji3ct-d217a3537d42ca8a6f315bee6a601ff6__4  slide-5 slide-odd'><div data-rel='slideshow-1' class='avia-slide-wrap '   ><img decoding=\"async\" fetchpriority=\"high\" class=\"wp-image-3800 avia-img-lazy-loading-not-3800\"  src=\"https:\/\/www.firenzeshuttle.it\/wp-content\/uploads\/Firenzeterrazza.jpg\" width=\"550\" height=\"309\" title='Firenzeterrazza' alt=''  itemprop=\"thumbnailUrl\" srcset=\"https:\/\/www.firenzeshuttle.it\/wp-content\/uploads\/Firenzeterrazza.jpg 550w, https:\/\/www.firenzeshuttle.it\/wp-content\/uploads\/Firenzeterrazza-300x169.jpg 300w\" sizes=\"(max-width: 550px) 100vw, 550px\" \/><\/div><\/li><li  class='avia-slideshow-slide av-eji3ct-d217a3537d42ca8a6f315bee6a601ff6__5  slide-6 slide-even'><div data-rel='slideshow-1' class='avia-slide-wrap '   ><img decoding=\"async\" fetchpriority=\"high\" class=\"wp-image-3786 avia-img-lazy-loading-not-3786\"  src=\"https:\/\/www.firenzeshuttle.it\/wp-content\/uploads\/wedding4.jpg\" width=\"2000\" height=\"1279\" title='wedding4' alt=''  itemprop=\"thumbnailUrl\" srcset=\"https:\/\/www.firenzeshuttle.it\/wp-content\/uploads\/wedding4.jpg 2000w, https:\/\/www.firenzeshuttle.it\/wp-content\/uploads\/wedding4-300x192.jpg 300w, https:\/\/www.firenzeshuttle.it\/wp-content\/uploads\/wedding4-1030x659.jpg 1030w, https:\/\/www.firenzeshuttle.it\/wp-content\/uploads\/wedding4-768x491.jpg 768w, https:\/\/www.firenzeshuttle.it\/wp-content\/uploads\/wedding4-1536x982.jpg 1536w, https:\/\/www.firenzeshuttle.it\/wp-content\/uploads\/wedding4-1500x959.jpg 1500w, https:\/\/www.firenzeshuttle.it\/wp-content\/uploads\/wedding4-705x451.jpg 705w\" sizes=\"(max-width: 2000px) 100vw, 2000px\" \/><\/div><\/li><li  class='avia-slideshow-slide av-eji3ct-d217a3537d42ca8a6f315bee6a601ff6__6  slide-7 slide-odd'><div data-rel='slideshow-1' class='avia-slide-wrap '   ><img decoding=\"async\" fetchpriority=\"high\" class=\"wp-image-3796 avia-img-lazy-loading-not-3796\"  src=\"https:\/\/www.firenzeshuttle.it\/wp-content\/uploads\/Firenze1.jpg\" width=\"1024\" height=\"683\" title='Firenze1' alt=''  itemprop=\"thumbnailUrl\" srcset=\"https:\/\/www.firenzeshuttle.it\/wp-content\/uploads\/Firenze1.jpg 1024w, https:\/\/www.firenzeshuttle.it\/wp-content\/uploads\/Firenze1-300x200.jpg 300w, https:\/\/www.firenzeshuttle.it\/wp-content\/uploads\/Firenze1-768x512.jpg 768w, https:\/\/www.firenzeshuttle.it\/wp-content\/uploads\/Firenze1-705x470.jpg 705w\" sizes=\"(max-width: 1024px) 100vw, 1024px\" \/><\/div><\/li><\/ul><div class='avia-slideshow-arrows avia-slideshow-controls' ><a href='#prev' class='prev-slide  avia-svg-icon avia-font-svg_entypo-fontello' data-av_svg_icon='left-open-big' data-av_iconset='svg_entypo-fontello' tabindex='-1' title=\"Previous\"><svg version=\"1.1\" xmlns=\"http:\/\/www.w3.org\/2000\/svg\" width=\"15\" height=\"32\" viewBox=\"0 0 15 32\" preserveAspectRatio=\"xMidYMid meet\" aria-labelledby='av-svg-title-1' aria-describedby='av-svg-desc-1' role=\"graphics-symbol\" aria-hidden=\"true\">\n<title id='av-svg-title-1'>Previous<\/title>\n<desc id='av-svg-desc-1'>Previous<\/desc>\n<path d=\"M14.464 27.84q0.832 0.832 0 1.536-0.832 0.832-1.536 0l-12.544-12.608q-0.768-0.768 0-1.6l12.544-12.608q0.704-0.832 1.536 0 0.832 0.704 0 1.536l-11.456 11.904z\"><\/path>\n<\/svg><span class='avia_hidden_link_text'>Previous<\/span><\/a><a href='#next' class='next-slide  avia-svg-icon avia-font-svg_entypo-fontello' data-av_svg_icon='right-open-big' data-av_iconset='svg_entypo-fontello' tabindex='-1' title=\"Next\"><svg version=\"1.1\" xmlns=\"http:\/\/www.w3.org\/2000\/svg\" width=\"15\" height=\"32\" viewBox=\"0 0 15 32\" preserveAspectRatio=\"xMidYMid meet\" aria-labelledby='av-svg-title-2' aria-describedby='av-svg-desc-2' role=\"graphics-symbol\" aria-hidden=\"true\">\n<title id='av-svg-title-2'>Next<\/title>\n<desc id='av-svg-desc-2'>Next<\/desc>\n<path d=\"M0.416 27.84l11.456-11.84-11.456-11.904q-0.832-0.832 0-1.536 0.832-0.832 1.536 0l12.544 12.608q0.768 0.832 0 1.6l-12.544 12.608q-0.704 0.832-1.536 0-0.832-0.704 0-1.536z\"><\/path>\n<\/svg><span class='avia_hidden_link_text'>Next<\/span><\/a><\/div><div class='avia-slideshow-dots avia-slideshow-controls'><a href='#1' class='goto-slide active' >1<\/a><a href='#2' class='goto-slide ' >2<\/a><a href='#3' class='goto-slide ' >3<\/a><a href='#4' class='goto-slide ' >4<\/a><a href='#5' class='goto-slide ' >5<\/a><a href='#6' class='goto-slide ' >6<\/a><a href='#7' class='goto-slide ' >7<\/a><\/div><\/div><\/div>\n<style type=\"text\/css\" data-created_by=\"avia_inline_auto\" id=\"style-css-av-7ksvy5-04552b4ad47e18273dcad39e28007638\">\n.flex_column.av-7ksvy5-04552b4ad47e18273dcad39e28007638{\nborder-radius:0px 0px 0px 0px;\npadding:0px 0px 0px 0px;\n}\n<\/style>\n<div  class='flex_column av-7ksvy5-04552b4ad47e18273dcad39e28007638 av_one_half  avia-builder-el-3  el_after_av_one_half  el_before_av_textblock  flex_column_div av-zero-column-padding  '     ><p>\n<style type=\"text\/css\" data-created_by=\"avia_inline_auto\" id=\"style-css-av-5kl09p-9e0062425a3087021accb609f8130dc5\">\n#top .av-special-heading.av-5kl09p-9e0062425a3087021accb609f8130dc5{\npadding-bottom:10px;\n}\nbody .av-special-heading.av-5kl09p-9e0062425a3087021accb609f8130dc5 .av-special-heading-tag .heading-char{\nfont-size:25px;\n}\n.av-special-heading.av-5kl09p-9e0062425a3087021accb609f8130dc5 .av-subheading{\nfont-size:10px;\n}\n<\/style>\n<div  class='av-special-heading av-5kl09p-9e0062425a3087021accb609f8130dc5 av-special-heading-h6  avia-builder-el-4  el_before_av_textblock  avia-builder-el-first '><h6 class='av-special-heading-tag '  itemprop=\"headline\"  >AUTONOLEGGIO PER MEETING E CONGRESSI<\/h6><div class=\"special-heading-border\"><div class=\"special-heading-inner-border\"><\/div><\/div><\/div><br \/>\n<section  class='av_textblock_section av-4k3s19-671925387464af9df1c7de41d13ecfc9 '   itemscope=\"itemscope\" itemtype=\"https:\/\/schema.org\/CreativeWork\" ><div class='avia_textblock'  itemprop=\"text\" ><p style=\"text-align: justify;\">Firenze Shuttle offre alla propria clientela servizi di <strong>autonoleggio<\/strong> e\u00a0<a href=\"https:\/\/www.firenzeshuttle.it\/ita\/navette.htm\">navette<\/a> per grandi e piccoli eventi quali: fiere del turismo, congressi, meetings, sfilate di moda, business a <strong>Firenze<\/strong> ed altre citt\u00e0 Toscane.<\/p>\n<p style=\"text-align: justify;\">Organizziamo lo spostamento dall\u2019albergo verso aeroporto, porto o stazioni ferroviarie di gruppi di persone per <strong>meeting e fiere in tutte le province della Toscana<\/strong>.<\/p>\n<p style=\"text-align: justify;\">Il servizio, disponibile per aziende e per privati, \u00e8 impreziosito dall&#8217;affidabilit\u00e0 e dalla professionalit\u00e0 dei nostri collaboratori, che si possono avvalere di parco auto fornitissimo per assegnare alla nostra clientela il mezzo pi\u00f9 comodo e pi\u00f9 conveniente.<\/p>\n<h4 style=\"text-align: justify;\"><\/h4>\n<\/div><\/section><\/p><\/div><\/p>\n<section  class='av_textblock_section av-2rk6cd-8ff71e986ebc29791354ad288b42c19d '   itemscope=\"itemscope\" itemtype=\"https:\/\/schema.org\/CreativeWork\" ><div class='avia_textblock'  itemprop=\"text\" ><p style=\"text-align: justify;\">Le <strong>escursioni turistiche guidate<\/strong>, con l&#8217;ausilio del nostro personale altamente qualificato, \u00e8 solo uno dei servizi che Firenze Shuttle offre ai propri Clienti.<\/p>\n<p style=\"text-align: justify;\">La citt\u00e0 di Firenze ed i territori circostanti offrono numerosissimi spunti per una piacevole visita turistica. Potrete percorrere in lungo ed in largo gli splendori della citta&#8217; semplicemente passeggiando.<\/p>\n<p style=\"text-align: justify;\">Potrete godervi le colline toscane e gli splendidi paesaggi in tutto relax, perch\u00e9 a tutto il resto ci pensa Firenze Shuttle! Inoltre Firenze Shuttle organizza splendide crociere con partenza dal porto di Livorno per Pisa e Firenze. Contattateci subito per ricevere tutte le informazioni sulla vostra vacanza da sogno!<\/p>\n<\/div><\/section>\n","protected":false},"excerpt":{"rendered":"","protected":false},"author":2,"featured_media":0,"parent":0,"menu_order":0,"comment_status":"open","ping_status":"open","template":"","meta":{"footnotes":""},"class_list":["post-3436","page","type-page","status-publish","hentry"],"yoast_head":"<!-- This site is optimized with the Yoast SEO plugin v25.7 - https:\/\/yoast.com\/wordpress\/plugins\/seo\/ -->\n<title>Events - Firenze Shuttle<\/title>\n<meta name=\"robots\" content=\"index, follow, max-snippet:-1, max-image-preview:large, max-video-preview:-1\" \/>\n<link rel=\"canonical\" href=\"https:\/\/www.firenzeshuttle.it\/en\/events\/\" \/>\n<meta name=\"twitter:card\" content=\"summary_large_image\" \/>\n<meta name=\"twitter:title\" content=\"Events - Firenze Shuttle\" \/>\n<meta name=\"twitter:label1\" content=\"Est. reading time\" \/>\n\t<meta name=\"twitter:data1\" content=\"4 minutes\" \/>\n<script type=\"application\/ld+json\" class=\"yoast-schema-graph\">{\"@context\":\"https:\/\/schema.org\",\"@graph\":[{\"@type\":\"WebPage\",\"@id\":\"https:\/\/www.firenzeshuttle.it\/en\/events\/\",\"url\":\"https:\/\/www.firenzeshuttle.it\/en\/events\/\",\"name\":\"Events - Firenze Shuttle\",\"isPartOf\":{\"@id\":\"https:\/\/www.firenzeshuttle.it\/en\/#website\"},\"datePublished\":\"2015-08-14T10:29:49+00:00\",\"dateModified\":\"2022-03-16T11:06:43+00:00\",\"breadcrumb\":{\"@id\":\"https:\/\/www.firenzeshuttle.it\/en\/events\/#breadcrumb\"},\"inLanguage\":\"en-US\",\"potentialAction\":[{\"@type\":\"ReadAction\",\"target\":[\"https:\/\/www.firenzeshuttle.it\/en\/events\/\"]}]},{\"@type\":\"BreadcrumbList\",\"@id\":\"https:\/\/www.firenzeshuttle.it\/en\/events\/#breadcrumb\",\"itemListElement\":[{\"@type\":\"ListItem\",\"position\":1,\"name\":\"Home\",\"item\":\"https:\/\/www.firenzeshuttle.it\/en\/\"},{\"@type\":\"ListItem\",\"position\":2,\"name\":\"Events\"}]},{\"@type\":\"WebSite\",\"@id\":\"https:\/\/www.firenzeshuttle.it\/en\/#website\",\"url\":\"https:\/\/www.firenzeshuttle.it\/en\/\",\"name\":\"Firenze Shuttle\",\"description\":\"Servizio di Noleggio Auto - Firenze\",\"publisher\":{\"@id\":\"https:\/\/www.firenzeshuttle.it\/en\/#organization\"},\"potentialAction\":[{\"@type\":\"SearchAction\",\"target\":{\"@type\":\"EntryPoint\",\"urlTemplate\":\"https:\/\/www.firenzeshuttle.it\/en\/?s={search_term_string}\"},\"query-input\":{\"@type\":\"PropertyValueSpecification\",\"valueRequired\":true,\"valueName\":\"search_term_string\"}}],\"inLanguage\":\"en-US\"},{\"@type\":\"Organization\",\"@id\":\"https:\/\/www.firenzeshuttle.it\/en\/#organization\",\"name\":\"Firenze Shuttle\",\"url\":\"https:\/\/www.firenzeshuttle.it\/en\/\",\"logo\":{\"@type\":\"ImageObject\",\"inLanguage\":\"en-US\",\"@id\":\"https:\/\/www.firenzeshuttle.it\/en\/#\/schema\/logo\/image\/\",\"url\":\"https:\/\/www.firenzeshuttle.it\/wp-content\/uploads\/2015\/07\/logo1.png\",\"contentUrl\":\"https:\/\/www.firenzeshuttle.it\/wp-content\/uploads\/2015\/07\/logo1.png\",\"width\":443,\"height\":118,\"caption\":\"Firenze Shuttle\"},\"image\":{\"@id\":\"https:\/\/www.firenzeshuttle.it\/en\/#\/schema\/logo\/image\/\"},\"sameAs\":[\"https:\/\/www.facebook.com\/noleggio.it\"]}]}<\/script>\n<!-- \/ Yoast SEO plugin. -->","yoast_head_json":{"title":"Events - Firenze Shuttle","robots":{"index":"index","follow":"follow","max-snippet":"max-snippet:-1","max-image-preview":"max-image-preview:large","max-video-preview":"max-video-preview:-1"},"canonical":"https:\/\/www.firenzeshuttle.it\/en\/events\/","twitter_card":"summary_large_image","twitter_title":"Events - Firenze Shuttle","twitter_misc":{"Est. reading time":"4 minutes"},"schema":{"@context":"https:\/\/schema.org","@graph":[{"@type":"WebPage","@id":"https:\/\/www.firenzeshuttle.it\/en\/events\/","url":"https:\/\/www.firenzeshuttle.it\/en\/events\/","name":"Events - Firenze Shuttle","isPartOf":{"@id":"https:\/\/www.firenzeshuttle.it\/en\/#website"},"datePublished":"2015-08-14T10:29:49+00:00","dateModified":"2022-03-16T11:06:43+00:00","breadcrumb":{"@id":"https:\/\/www.firenzeshuttle.it\/en\/events\/#breadcrumb"},"inLanguage":"en-US","potentialAction":[{"@type":"ReadAction","target":["https:\/\/www.firenzeshuttle.it\/en\/events\/"]}]},{"@type":"BreadcrumbList","@id":"https:\/\/www.firenzeshuttle.it\/en\/events\/#breadcrumb","itemListElement":[{"@type":"ListItem","position":1,"name":"Home","item":"https:\/\/www.firenzeshuttle.it\/en\/"},{"@type":"ListItem","position":2,"name":"Events"}]},{"@type":"WebSite","@id":"https:\/\/www.firenzeshuttle.it\/en\/#website","url":"https:\/\/www.firenzeshuttle.it\/en\/","name":"Firenze Shuttle","description":"Servizio di Noleggio Auto - Firenze","publisher":{"@id":"https:\/\/www.firenzeshuttle.it\/en\/#organization"},"potentialAction":[{"@type":"SearchAction","target":{"@type":"EntryPoint","urlTemplate":"https:\/\/www.firenzeshuttle.it\/en\/?s={search_term_string}"},"query-input":{"@type":"PropertyValueSpecification","valueRequired":true,"valueName":"search_term_string"}}],"inLanguage":"en-US"},{"@type":"Organization","@id":"https:\/\/www.firenzeshuttle.it\/en\/#organization","name":"Firenze Shuttle","url":"https:\/\/www.firenzeshuttle.it\/en\/","logo":{"@type":"ImageObject","inLanguage":"en-US","@id":"https:\/\/www.firenzeshuttle.it\/en\/#\/schema\/logo\/image\/","url":"https:\/\/www.firenzeshuttle.it\/wp-content\/uploads\/2015\/07\/logo1.png","contentUrl":"https:\/\/www.firenzeshuttle.it\/wp-content\/uploads\/2015\/07\/logo1.png","width":443,"height":118,"caption":"Firenze Shuttle"},"image":{"@id":"https:\/\/www.firenzeshuttle.it\/en\/#\/schema\/logo\/image\/"},"sameAs":["https:\/\/www.facebook.com\/noleggio.it"]}]}},"_links":{"self":[{"href":"https:\/\/www.firenzeshuttle.it\/en\/wp-json\/wp\/v2\/pages\/3436","targetHints":{"allow":["GET"]}}],"collection":[{"href":"https:\/\/www.firenzeshuttle.it\/en\/wp-json\/wp\/v2\/pages"}],"about":[{"href":"https:\/\/www.firenzeshuttle.it\/en\/wp-json\/wp\/v2\/types\/page"}],"author":[{"embeddable":true,"href":"https:\/\/www.firenzeshuttle.it\/en\/wp-json\/wp\/v2\/users\/2"}],"replies":[{"embeddable":true,"href":"https:\/\/www.firenzeshuttle.it\/en\/wp-json\/wp\/v2\/comments?post=3436"}],"version-history":[{"count":6,"href":"https:\/\/www.firenzeshuttle.it\/en\/wp-json\/wp\/v2\/pages\/3436\/revisions"}],"predecessor-version":[{"id":3837,"href":"https:\/\/www.firenzeshuttle.it\/en\/wp-json\/wp\/v2\/pages\/3436\/revisions\/3837"}],"wp:attachment":[{"href":"https:\/\/www.firenzeshuttle.it\/en\/wp-json\/wp\/v2\/media?parent=3436"}],"curies":[{"name":"wp","href":"https:\/\/api.w.org\/{rel}","templated":true}]}}